{"id":257,"date":"2008-05-02T13:13:56","date_gmt":"2008-05-02T11:13:56","guid":{"rendered":"http:\/\/diogenis.crae-prod.info\/?page_id=5"},"modified":"2018-02-04T10:43:34","modified_gmt":"2018-02-04T09:43:34","slug":"tour","status":"publish","type":"page","link":"https:\/\/diogenis.eatmusic.fr\/de\/tour\/","title":{"rendered":"Konzerte"},"content":{"rendered":"<p>Die n\u00e4chsten Konzerte :<\/p>\n<ul>\n<li>Keine<\/li>\n<\/ul>\n<p>Vergangene Konzerte :<\/p>\n<ul>\n<li>Am 13. Februar 2009 um 20 Uhr im Soundcafe. Diogenis organisiert den Abend frei.<\/li>\n<li>Am 19. Januar 2009 um 20 Uhr im Glockenbachwerkstatt in M\u00fcnchen f\u00fcr die Maj Musical Monday Abend<\/li>\n<li>Am 19. Dezember 2008 um 21 Uhr im Soundcafe in M\u00fcnchen (4\u20ac)<\/li>\n<li>Am 09. Mai 2008 um 20 Uhr im Soundcafe in M\u00fcnchen f\u00fcr den Band Contest<em> Muc-King<\/em> (5 \u20ac)<\/li>\n<li>Am 18. April 2008 um 20 Uhr in der Orangehouse in M\u00fcnchen (2 \u20ac)<\/li>\n<\/ul>\n<p><\/p>","protected":false},"excerpt":{"rendered":"<p>Die n\u00e4chsten Konzerte : Keine Vergangene Konzerte : Am 13. Februar 2009 um 20 Uhr im Soundcafe. Diogenis organisiert den Abend frei. Am 19. Januar 2009 um 20 Uhr im Glockenbachwerkstatt in M\u00fcnchen f\u00fcr die Maj Musical Monday Abend Am 19. Dezember 2008 um 21 Uhr im Soundcafe in M\u00fcnchen (4\u20ac) Am 09. Mai 2008 [&hellip;]<\/p>\n","protected":false},"author":7,"featured_media":0,"parent":0,"menu_order":1,"comment_status":"closed","ping_status":"open","template":"","meta":{"footnotes":""},"class_list":["post-257","page","type-page","status-publish","hentry"],"_links":{"self":[{"href":"https:\/\/diogenis.eatmusic.fr\/de\/wp-json\/wp\/v2\/pages\/257","targetHints":{"allow":["GET"]}}],"collection":[{"href":"https:\/\/diogenis.eatmusic.fr\/de\/wp-json\/wp\/v2\/pages"}],"about":[{"href":"https:\/\/diogenis.eatmusic.fr\/de\/wp-json\/wp\/v2\/types\/page"}],"author":[{"embeddable":true,"href":"https:\/\/diogenis.eatmusic.fr\/de\/wp-json\/wp\/v2\/users\/7"}],"replies":[{"embeddable":true,"href":"https:\/\/diogenis.eatmusic.fr\/de\/wp-json\/wp\/v2\/comments?post=257"}],"version-history":[{"count":1,"href":"https:\/\/diogenis.eatmusic.fr\/de\/wp-json\/wp\/v2\/pages\/257\/revisions"}],"predecessor-version":[{"id":264,"href":"https:\/\/diogenis.eatmusic.fr\/de\/wp-json\/wp\/v2\/pages\/257\/revisions\/264"}],"wp:attachment":[{"href":"https:\/\/diogenis.eatmusic.fr\/de\/wp-json\/wp\/v2\/media?parent=257"}],"curies":[{"name":"wp","href":"https:\/\/api.w.org\/{rel}","templated":true}]}}