{"id":8,"date":"2008-05-02T13:14:19","date_gmt":"2008-05-02T11:14:19","guid":{"rendered":"http:\/\/diogenis.crae-prod.info\/?page_id=7"},"modified":"2018-02-05T20:58:24","modified_gmt":"2018-02-05T19:58:24","slug":"medias","status":"publish","type":"page","link":"https:\/\/diogenis.eatmusic.fr\/de\/medias\/","title":{"rendered":"Medien"},"content":{"rendered":"<p>Sie k\u00f6nnen unsere Online-Titel h\u00f6ren:<\/p>\n<p><a title=\"H\u00f6ren MP3\" href=\"mp3\/\">H\u00f6ren MP3<\/a>.<\/p>\n<p>Sie k\u00f6nnen auch einen Spaziergang in <a href=\"..\/pictures\/\">unserer Fotogalerie<\/a> sehen.<\/p>","protected":false},"excerpt":{"rendered":"<p>Sie k\u00f6nnen unsere Online-Titel h\u00f6ren: H\u00f6ren MP3. Sie k\u00f6nnen auch einen Spaziergang in unserer Fotogalerie sehen.<\/p>\n","protected":false},"author":1,"featured_media":0,"parent":0,"menu_order":4,"comment_status":"closed","ping_status":"closed","template":"","meta":{"footnotes":""},"class_list":["post-8","page","type-page","status-publish","hentry"],"_links":{"self":[{"href":"https:\/\/diogenis.eatmusic.fr\/de\/wp-json\/wp\/v2\/pages\/8","targetHints":{"allow":["GET"]}}],"collection":[{"href":"https:\/\/diogenis.eatmusic.fr\/de\/wp-json\/wp\/v2\/pages"}],"about":[{"href":"https:\/\/diogenis.eatmusic.fr\/de\/wp-json\/wp\/v2\/types\/page"}],"author":[{"embeddable":true,"href":"https:\/\/diogenis.eatmusic.fr\/de\/wp-json\/wp\/v2\/users\/1"}],"replies":[{"embeddable":true,"href":"https:\/\/diogenis.eatmusic.fr\/de\/wp-json\/wp\/v2\/comments?post=8"}],"version-history":[{"count":1,"href":"https:\/\/diogenis.eatmusic.fr\/de\/wp-json\/wp\/v2\/pages\/8\/revisions"}],"predecessor-version":[{"id":267,"href":"https:\/\/diogenis.eatmusic.fr\/de\/wp-json\/wp\/v2\/pages\/8\/revisions\/267"}],"wp:attachment":[{"href":"https:\/\/diogenis.eatmusic.fr\/de\/wp-json\/wp\/v2\/media?parent=8"}],"curies":[{"name":"wp","href":"https:\/\/api.w.org\/{rel}","templated":true}]}}